{"id":1152,"date":"2020-06-04T09:23:09","date_gmt":"2020-06-04T09:23:09","guid":{"rendered":"http:\/\/aramisinvest.ro\/?page_id=1152"},"modified":"2025-03-31T08:19:43","modified_gmt":"2025-03-31T06:19:43","slug":"csr-en","status":"publish","type":"page","link":"https:\/\/aramisinvest.ro\/en\/csr-en\/","title":{"rendered":"CSR EN"},"content":{"rendered":"<p><section id=\"services\" data-kc-fullwidth=\"row\" class=\"kc-elm kc-css-749808 kc_row\"><div class=\"kc-row-container  kc-container\"><div class=\"kc-wrap-columns\"><div class=\"kc-elm kc-css-726346 kc_col-sm-12 kc_column kc_col-sm-12\"><div class=\"kc-col-container\"><div class=\"kc-elm kc-css-664294 kc_row kc_row_inner\"><div class=\"kc-elm kc-css-111324 kc_col-sm-12 kc_column_inner kc_col-sm-12\"><div class=\"kc_wrapper kc-col-inner-container\">        \n        <div class=\"section-heading text-center kc-elm kc-css-615512\">\n                        <h3>Corporate Social Responsibility<\/h3>\n                                <\/div>\n        \n        <div class=\"kc-elm kc-css-621344 kc_text_block\"><\/p>\n<p style=\"text-align: center;\"><strong>We take care of our own and the environment<\/strong><\/p>\n<p>The Aramis group of companies has over 4,500 colleagues who collaborate every day in a professional environment that embraces the directions of the 21st century in terms of eco-friendly implementations in research, development and production. The company&#039;s Department of Environment applies established procedures for fluid and transparent actions on this side through the annual training plan and regular communications.<\/p>\n<p>The production factories, certified ISO 14.001 on Environment and ISO 9001 on Quality, have tools for continuous monitoring of the degree of sustainability for the entire research, development and production process. We use equipment that streamlines the consumption of raw materials and the amount of waste generated.<\/p>\n<p>\n<\/div><div class=\"kc-elm kc-css-400065 kc_shortcode kc_single_image\">\n\n        <img decoding=\"async\" src=\"https:\/\/aramisinvest.ro\/wp-content\/uploads\/2019\/10\/AramisInvest.jpg\" class=\"\" alt=\"\" \/>    <\/div>\n<div class=\"kc-elm kc-css-960495\" style=\"height: 55px; clear: both; width:100%;\"><\/div><div class=\"kc-elm kc-css-797329 kc_text_block\"><\/p>\n<p>\nWe encourage the responsible use of natural resources. We are guided by international standards in terms of sustainability, recycling and the ecological. We use FSC wood, cellulose-based materials made by FSC-certified suppliers and multilayer wood materials made from controlled culture wood from Europe.<\/p>\n<p>We carry out actions to ensure a pace that we constantly develop and improve. Polyurethane foams are created from natural polyols &#8211; natural plant base oils. The state-of-the-art technology, through continuous automation, is specifically designed to disconnect production if a certain degree of emissions is exceeded.<\/p>\n<p>Simultaneously, the efficiency of the production flow within the company is an aspect that we emphasize, especially in order to reduce the internal transport and, implicitly, the emitted noxious substances; which is why some of the transport equipment, such as forklifts, are electric.<\/p>\n<p>The recycling process is set up throughout the company, and the traceability of waste is done up to the final recycler depending on the type of material. This idea is based on the revised annual waste reduction and recycling plan.<\/p>\n<p>In the future, we plan to transition to Green Energy, which will include the replacement of classic lighting to LED and the implementation of an efficient water consumption system. External projects are closely related with the environment.<\/p>\n<p>\n<\/div><\/div><\/div><\/div><\/div><\/div><\/div><\/div><\/section><section id=\"masuri-de-preventie-Covid-19\" data-kc-fullwidth=\"row\" class=\"kc-elm kc-css-23359 kc_row\"><div class=\"kc-row-container  kc-container\"><div class=\"kc-wrap-columns\"><div class=\"kc-elm kc-css-137503 kc_col-sm-12 kc_column kc_col-sm-12\"><div class=\"kc-col-container\"><div class=\"kc-elm kc-css-255587 kc_row kc_row_inner\"><div class=\"kc-elm kc-css-99675 kc_col-sm-12 kc_column_inner kc_col-sm-12\"><div class=\"kc_wrapper kc-col-inner-container\">        \n        <div class=\"section-heading text-center kc-elm kc-css-17538\">\n                        <h3>Dual education<\/h3>\n                                <\/div>\n        \n        <div class=\"kc-elm kc-css-371088 kc_text_block\"><\/p>\n<h5>Scholarship allocation<\/h5>\n<p>\n<\/div>\n<div class=\"kc-elm kc-css-574016\">\n\t<a class=\"kc_button default-btn\" href=\" http:\/\/aramisinvest.ro\/wp-content\/uploads\/2020\/05\/Metodologie_acordare_burse_proiect_actualizata.pdf\" target=\"_blank\" title=\"Acordarea Burselor\" onclick=\"\">\n\t\t<i class=\"icofont-certificate-alt-1\"><\/i> Download\t<\/a>\n<\/div>\n<div class=\"kc-elm kc-css-234240 kc_text_block\"><\/p>\n<h5>Target group<\/h5>\n<p>\n<\/div>\n<div class=\"kc-elm kc-css-643233\">\n\t<a class=\"kc_button default-btn\" href=\"http:\/\/aramisinvest.ro\/wp-content\/uploads\/2020\/05\/Metodologie_selectie_grup_tinta.pdf\" target=\"_blank\" title=\"Grup \u021aint\u0103\" onclick=\"\">\n\t\t<i class=\"icofont-group\"><\/i> Download\t<\/a>\n<\/div>\n<\/div><\/div><\/div><\/div><\/div><\/div><\/div><\/section><section id=\"services\" data-kc-fullwidth=\"row\" class=\"kc-elm kc-css-916416 kc_row\"><div class=\"kc-row-container  kc-container\"><div class=\"kc-wrap-columns\"><div class=\"kc-elm kc-css-518928 kc_col-sm-12 kc_column kc_col-sm-12\"><div class=\"kc-col-container\"><div class=\"kc-elm kc-css-931805 kc_row kc_row_inner\"><div class=\"kc-elm kc-css-391368 kc_col-sm-12 kc_column_inner kc_col-sm-12\"><div class=\"kc_wrapper kc-col-inner-container\">        \n        <div class=\"section-heading text-center kc-elm kc-css-558662\">\n                        <h3>AFA COMMUNITY<\/h3>\n                                <\/div>\n        \n        <div class=\"kc-elm kc-css-518808 kc_text_block\"><\/p>\n<p>\nEstablished in 2012, the Aramis Family Association (AFA) actively contributes to improving the quality of life of the Aramis Group employees and their families. Given their specific needs, we have created opportunities that facilitate their access to a range of services and outlined programs through which we offer support: medical services, support in professional and personal development, financial consulting, alongside a stable and safe working environment.<\/p>\n<p>The Association&#039;s activities also focuses on projects for the development of the regional community, such as supporting educational programs, local competitions and promoting cultural activities.<\/p>\n<p>\n<\/div><div class=\"kc-elm kc-css-520969 kc_shortcode kc_single_image\">\n\n        <img decoding=\"async\" src=\"https:\/\/aramisinvest.ro\/wp-content\/uploads\/2018\/02\/afa1.jpg\" class=\"\" alt=\"\" \/>    <\/div>\n<\/div><\/div><\/div><\/div><\/div><\/div><\/div><\/section><section id=\"measures-to-prevent-Covid-19\" data-kc-fullwidth=\"row\" class=\"kc-elm kc-css-364812 kc_row\"><div class=\"kc-row-container  kc-container\"><div class=\"kc-wrap-columns\"><div class=\"kc-elm kc-css-150084 kc_col-sm-12 kc_column kc_col-sm-12\"><div class=\"kc-col-container\"><div class=\"kc-elm kc-css-762748 kc_row kc_row_inner\"><div class=\"kc-elm kc-css-878451 kc_col-sm-12 kc_column_inner kc_col-sm-12\"><div class=\"kc_wrapper kc-col-inner-container\">        \n        <div class=\"section-heading text-center kc-elm kc-css-737537\">\n                        <h3>OUR RESPONSIBILITY FOR EMPLOYEE SAFETY<\/h3>\n                                <\/div>\n        \n        <div class=\"kc-elm kc-css-467624 kc_text_block\"><\/p>\n<p>\nWe believe that everyone&#039;s involvement through their day to day work is, in fact, our main competitive advantage. Thus, our goal is to overcome our limits. Our shoulders support the responsibility of ensuring a safe and stable work environment to enable each colleague to reach their full potential.<\/p>\n<h5 style=\"text-align: center; color: #ba0c2f;\"><strong>HEALTH MEASURES TO PREVENT THE POSSIBLE COVID-19 VIRUS INFECTION<\/strong><\/h5>\n<p>\n<\/div>\n<div class=\"kc-elm kc-css-462659\">\n\t<a class=\"kc_button default-btn\" href=\"http:\/\/aramisinvest.ro\/wp-content\/uploads\/2020\/05\/1.1.Reguli-de-igienizare-personal\u0103-de-urmat-\u00een-cadrul-companiei-Aramis-Group.pdf\" target=\"_blank\" title=\"Reguli de igienizare personal\u0103 de urmat \u00een cadrul companiei Aramis Group\" onclick=\"\">\n\t\t<i class=\"fa-info-circle\"><\/i> Sanitation Rules\t<\/a>\n<\/div>\n\n<div class=\"kc-elm kc-css-329229\">\n\t<a class=\"kc_button default-btn\" href=\"http:\/\/aramisinvest.ro\/wp-content\/uploads\/2020\/05\/2.2.Conduita-obligatorie-general\u0103-pentru-angaja\u0163ii-\u015fi-a-persoanelor-externe.pdf\" target=\"_blank\" title=\"Conduita obligatorie general\u0103 pentru angaja\u0163ii \u015fi a persoanelor externe\" onclick=\"\">\n\t\t<i class=\"fa-info-circle\"><\/i> Mandatory Conduct\t<\/a>\n<\/div>\n\n<div class=\"kc-elm kc-css-518372\">\n\t<a class=\"kc_button default-btn\" href=\"http:\/\/aramisinvest.ro\/wp-content\/uploads\/2020\/05\/3.3.M\u0103suri-speciale-\u00een-cazul-\u00een-care-un-angajat-este-suspect-sau-confirmat.pdf\" target=\"_blank\" title=\"M\u0103suri speciale \u00een cazul \u00een care un angajat este suspect sau confirmat\" onclick=\"\">\n\t\t<i class=\"fa-info-circle\"><\/i> Special Measures\t<\/a>\n<\/div>\n\n<div class=\"kc-elm kc-css-346432\">\n\t<a class=\"kc_button default-btn\" href=\"http:\/\/aramisinvest.ro\/wp-content\/uploads\/2020\/05\/4.4.Obliga\u021biile-angaja\u021bilor-la-locul-de-munc\u0103-\u00een-unitatea-de-activare.pdf\" target=\"_blank\" title=\"Obliga\u021biile angaja\u021bilor la locul de munc\u0103 \u00een unitatea de activare\" onclick=\"\">\n\t\t<i class=\"fa-info-circle\"><\/i> Obligations Of Employees\t<\/a>\n<\/div>\n<div class=\"kc-elm kc-css-818258 kc_shortcode kc_single_image\">\n\n        <img decoding=\"async\" src=\"https:\/\/aramisinvest.ro\/wp-content\/uploads\/2018\/02\/sec1.jpg\" class=\"\" alt=\"\" \/>    <\/div>\n<\/div><\/div><\/div><\/div><\/div><\/div><\/div><\/section><section id=\"services\" data-kc-fullwidth=\"row\" class=\"kc-elm kc-css-886292 kc_row\"><div class=\"kc-row-container  kc-container\"><div class=\"kc-wrap-columns\"><div class=\"kc-elm kc-css-588244 kc_col-sm-12 kc_column kc_col-sm-12\"><div class=\"kc-col-container\"><div class=\"kc-elm kc-css-600825 kc_row kc_row_inner\"><div class=\"kc-elm kc-css-711201 kc_col-sm-12 kc_column_inner kc_col-sm-12\"><div class=\"kc_wrapper kc-col-inner-container\">        \n        <div class=\"section-heading text-center kc-elm kc-css-149027\">\n                        <h3>PROTECTING THE ENVIRONMENT<\/h3>\n                                <\/div>\n        \n        <div class=\"kc-elm kc-css-89009 kc_row kc_row_inner\"><div class=\"kc-elm kc-css-888935 kc_col-sm-12 kc_column_inner kc_col-sm-12\"><div class=\"kc_wrapper kc-col-inner-container\"><div class=\"kc-elm kc-css-430007 kc_text_block\"><\/p>\n<h5>WASTE PREVENTION AND REDUCTION PLAN<\/h5>\n<p>\n<\/div>\n<div class=\"kc-elm kc-css-433144\">\n\t<a class=\"kc_button default-btn\" href=\"http:\/\/aramisinvest.ro\/wp-content\/uploads\/2020\/06\/Plan_de_Prevenire_si_Reducere_a_Cantitatii_de_Deseuri.pdf\" target=\"_blank\" title=\"Plan de Prevenire si Reducere a Cantitatii de Deseuri\" onclick=\"\">\n\t\t<i class=\"icofont-recycle\"><\/i> Download\t<\/a>\n<\/div>\n<div class=\"kc-elm kc-css-334016 kc_text_block\"><\/p>\n<h5>PUBLIC INFORMATION<\/h5>\n<p>\n<\/div>\n<div class=\"kc-elm kc-css-892645\">\n\t<a class=\"kc_button default-btn\" href=\"http:\/\/aramisinvest.ro\/wp-content\/uploads\/2020\/06\/Informatii_ce_trebuie_comunicate_publicului_2020.pdf\" target=\"_blank\" title=\"Informare public\u0103\" onclick=\"\">\n\t\t<i class=\"fa-info-circle\"><\/i> Download\t<\/a>\n<\/div>\n<div class=\"kc-elm kc-css-279881 kc_text_block\"><\/p>\n<h5>MAJOR ACCIDENT PREVENTION POLICY<\/h5>\n<p>\n<\/div>\n<div class=\"kc-elm kc-css-399796\">\n\t<a class=\"kc_button default-btn\" href=\"http:\/\/aramisinvest.ro\/wp-content\/uploads\/2020\/06\/PPAM_2020.pdf\" target=\"_blank\" title=\"Politica de prevenire a accidentelor\" onclick=\"\">\n\t\t<i class=\"icofont-safety-hat-light\"><\/i> Download\t<\/a>\n<\/div>\n<div class=\"kc-elm kc-css-377632 kc_text_block\"><\/p>\n<h5>PUBLIC DEBATE INVITATION<\/h5>\n<p>\n<\/div>\n<div class=\"kc-elm kc-css-925277\">\n\t<a class=\"kc_button default-btn\" href=\"http:\/\/aramisinvest.ro\/wp-content\/uploads\/2020\/05\/4.INVITATIE-DEZBATERE-PUBLICA.pdf\" target=\"_blank\" title=\"Invitatie dezbatere publica\" onclick=\"\">\n\t\t<i class=\"icofont-leaf\"><\/i> Download\t<\/a>\n<\/div>\n<div class=\"kc-elm kc-css-866670 kc_text_block\"><\/p>\n<h5>SUPPLY CHAIN SECURITY<\/h5>\n<p>\n<\/div>\n<div class=\"kc-elm kc-css-617649\">\n\t<a class=\"kc_button default-btn\" href=\"http:\/\/aramisinvest.ro\/wp-content\/uploads\/2020\/05\/5.SECURITATEA-LANTULUI-DE-FURNIZARE-Aramis-Invest.pdf\" target=\"_blank\" title=\"Seuritatea lantului de furnizare\" onclick=\"\">\n\t\t<i class=\"icofont-shield-alt\"><\/i> Download\t<\/a>\n<\/div>\n<div class=\"kc-elm kc-css-155275 kc_text_block\"><\/p>\n<h5>REVIEW \/ UPDATE OF THE INTEGRATED ENVIRONMENTAL AUTHORIZATION<\/h5>\n<p>\n<\/div>\n<div class=\"kc-elm kc-css-966109\">\n\t<a class=\"kc_button default-btn\" href=\"http:\/\/aramisinvest.ro\/wp-content\/uploads\/2022\/08\/ANUNT_PUBLIC_REVIZUIRE_ACTUALIZARE_AUTORIZATIEI_INTEGRATE_IN_MEDIU.pdf\" target=\"_blank\" title=\"Review\/ update of the integrated environmental authorization\" onclick=\"\">\n\t\t<i class=\"icofont-shield-alt\"><\/i> Download\t<\/a>\n<\/div>\n<div class=\"kc-elm kc-css-608086 kc_text_block\"><\/p>\n<h5>PUBLIC ANNOUNCEMENT REVIEW OF THE INTEGRATED ENVIRONMENTAL AUTHORIZATION<\/h5>\n<p>\n<\/div>\n<div class=\"kc-elm kc-css-392598\">\n\t<a class=\"kc_button default-btn\" href=\"http:\/\/aramisinvest.ro\/wp-content\/uploads\/2023\/04\/Anunt_Public_Revizuire_Autorizatie_Integrata_de_Mediu-Aprilie_2023.pdf\" target=\"_blank\" title=\"Public Announcement Review of the Integrated Environmental Authorization\" onclick=\"\">\n\t\t<i class=\"icofont-shield-alt\"><\/i> Download\t<\/a>\n<\/div>\n<\/div><\/div><\/div><\/div><\/div><\/div><\/div><\/div><\/div><\/div><\/section><\/p>","protected":false},"excerpt":{"rendered":"","protected":false},"author":1,"featured_media":0,"parent":0,"menu_order":0,"comment_status":"closed","ping_status":"closed","template":"template-general.php","meta":{"_acf_changed":false,"_monsterinsights_skip_tracking":false,"_monsterinsights_sitenote_active":false,"_monsterinsights_sitenote_note":"","_monsterinsights_sitenote_category":0,"footnotes":""},"class_list":["post-1152","page","type-page","status-publish","hentry"],"acf":[],"_links":{"self":[{"href":"https:\/\/aramisinvest.ro\/en\/wp-json\/wp\/v2\/pages\/1152","targetHints":{"allow":["GET"]}}],"collection":[{"href":"https:\/\/aramisinvest.ro\/en\/wp-json\/wp\/v2\/pages"}],"about":[{"href":"https:\/\/aramisinvest.ro\/en\/wp-json\/wp\/v2\/types\/page"}],"author":[{"embeddable":true,"href":"https:\/\/aramisinvest.ro\/en\/wp-json\/wp\/v2\/users\/1"}],"replies":[{"embeddable":true,"href":"https:\/\/aramisinvest.ro\/en\/wp-json\/wp\/v2\/comments?post=1152"}],"version-history":[{"count":25,"href":"https:\/\/aramisinvest.ro\/en\/wp-json\/wp\/v2\/pages\/1152\/revisions"}],"predecessor-version":[{"id":1639,"href":"https:\/\/aramisinvest.ro\/en\/wp-json\/wp\/v2\/pages\/1152\/revisions\/1639"}],"wp:attachment":[{"href":"https:\/\/aramisinvest.ro\/en\/wp-json\/wp\/v2\/media?parent=1152"}],"curies":[{"name":"wp","href":"https:\/\/api.w.org\/{rel}","templated":true}]}}